{"id":584,"date":"2021-09-06T13:12:33","date_gmt":"2021-09-06T13:12:33","guid":{"rendered":"https:\/\/www.siekmann-rohrbogen.de\/serwis\/"},"modified":"2026-04-07T15:16:02","modified_gmt":"2026-04-07T15:16:02","slug":"serwis","status":"publish","type":"page","link":"https:\/\/www.siekmann-rohrbogen.de\/pl\/serwis\/","title":{"rendered":"Serwis"},"content":{"rendered":"\n<div class=\"wp-block-cover alignfull is-light has-parallax\" style=\"min-height:727px;aspect-ratio:unset;\"><span aria-hidden=\"true\" class=\"wp-block-cover__background has-background-dim-0 has-background-dim\"><\/span><div class=\"wp-block-cover__image-background wp-image-67 has-parallax\" style=\"background-position:50% 50%;background-image:url(https:\/\/siekmann-rohrbogen.de\/wp-content\/uploads\/2021\/05\/20160413-IMG_1091-scaled.jpg)\"><\/div><div class=\"wp-block-cover__inner-container is-layout-flow wp-block-cover-is-layout-flow\">\n<p class=\"has-text-align-center has-ast-global-color-4-color has-text-color has-large-font-size\">Serwis \/ Pobieranie<\/p>\n<\/div><\/div>\n\n<h1 class=\"wp-block-heading\">Serwis z zachowaniem najwy\u017cszych standard\u00f3w jako\u015bci<\/h1>\n\n<p>JAKO\u015a\u0106 jest naszym priorytetem.<\/p>\n\n<p>Zawsze oferujemy naszym klientom najlepsz\u0105 mo\u017cliw\u0105 jako\u015b\u0107 i najwy\u017csze standardy.<\/p>\n\n<p>Na kolejnych stronach chcieliby\u015bmy poinformowa\u0107 Pa\u0144stwa o naszych procedurach zapewnienia jako\u015bci oraz stosowanych przez nas metodach obr\u00f3bki cieplnej.<\/p>\n\n<h2 class=\"wp-block-heading\">Zapewnienie jako\u015bci<\/h2>\n\n<p>Nasz system zapewnienia jako\u015bci \/ system zarz\u0105dzania jako\u015bci\u0105 dokumentuje i monitoruje ka\u017cde zam\u00f3wienie od otrzymania rury do dostarczenia kolana.<\/p>\n\n<p>Nasze mechanizmy kontrolne gwarantuj\u0105 niezmiennie wysok\u0105 jako\u015b\u0107 ka\u017cdego arkusza w serii produkcyjnej.<\/p>\n\n<p>Do tej wysokiej jako\u015bci przyczyniaj\u0105 si\u0119 zar\u00f3wno audyty wewn\u0119trzne, jak i zewn\u0119trzne.<\/p>\n\n<p>Jeste\u015bmy certyfikowani i zatwierdzeni zgodnie z:<\/p>\n\n<ul class=\"wp-block-list\">\n<li>ISO 9001:2015<\/li>\n\n\n\n<li>DNV GL<\/li>\n\n\n\n<li>PED 2014\/68\/EU (PED 97\/23\/EG)<\/li>\n<\/ul>\n\n<p>Certyfikaty mo\u017cna pobra\u0107 w obszarze pobierania.<\/p>\n\n<p>W \u015bcis\u0142ej wsp\u00f3\u0142pracy z Lloyds Register, Bureau Veritas, Det Norske Veritas i American Bureau of Shipping mo\u017cemy r\u00f3wnie\u017c przeprowadza\u0107 odpowiednie inspekcje.<\/p>\n\n<div class=\"wp-block-cover alignfull is-light has-parallax\"><span aria-hidden=\"true\" class=\"wp-block-cover__background has-black-background-color has-background-dim\"><\/span><div class=\"wp-block-cover__image-background wp-image-140 has-parallax\" style=\"background-position:50% 50%;background-image:url(https:\/\/siekmann-rohrbogen.de\/wp-content\/uploads\/2021\/05\/1Bild2.jpg)\"><\/div><div class=\"wp-block-cover__inner-container is-layout-flow wp-block-cover-is-layout-flow\">\n<h2 class=\"wp-block-heading has-ast-global-color-4-color has-text-color\">Obr\u00f3bka cieplna<\/h2>\n\n\n\n<p class=\"has-ast-global-color-4-color has-text-color\">Nasze centrum wy\u017carzania pozwala nam na tworzenie nowych mo\u017cliwo\u015bci w zakresie obr\u00f3bki cieplnej naszych kolan rurowych. Dysponujemy trzema piecami do obr\u00f3bki cieplnej, kt\u00f3re s\u0105 sterowane przez centralny komputer i pozwalaj\u0105 nam na stosowanie nast\u0119puj\u0105cych proces\u00f3w:<\/p>\n\n\n\n<ul class=\"wp-block-list has-white-color has-text-color\">\n<li>Normalgl\u00fchen<\/li>\n\n\n\n<li>Wy\u017carzanie odpr\u0119\u017caj\u0105ce<\/li>\n\n\n\n<li>Wy\u017carzanie przesycaj\u0105ce<\/li>\n<\/ul>\n\n\n\n<p class=\"has-ast-global-color-4-color has-text-color\">Wszystkie obr\u00f3bki cieplne s\u0105 rejestrowane i do\u0142\u0105czane w celu analizy i p\u00f3\u017aniejszej dokumentacji.<\/p>\n\n\n\n<h3 class=\"wp-block-heading has-ast-global-color-4-color has-text-color\">Normalne wy\u017carzanie<\/h3>\n\n\n\n<p class=\"has-ast-global-color-4-color has-text-color\">Normalizacja, zwana r\u00f3wnie\u017c normalizacj\u0105, s\u0142u\u017cy do eliminowania nieprawid\u0142owo\u015bci strukturalnych. Materia\u0142 jest doprowadzany do temperatury powy\u017cej punktu przemiany. Kolana rur s\u0105 nast\u0119pnie ch\u0142odzone w kontrolowany spos\u00f3b. Proces ten pozwala uzyska\u0107 bardziej jednolit\u0105 i drobniejsz\u0105 mikrostruktur\u0119. Niekt\u00f3re materia\u0142y wymagaj\u0105 p\u00f3\u017aniejszego &#8222;odpuszczania&#8221; w zakresie temperatur 700-780\u00b0C.<\/p>\n\n\n\n<h3 class=\"wp-block-heading has-ast-global-color-4-color has-text-color\">Wy\u017carzanie odpr\u0119\u017caj\u0105ce<\/h3>\n\n\n\n<p class=\"has-ast-global-color-4-color has-text-color\">Wy\u017carzanie odpr\u0119\u017caj\u0105ce jest stosowane w celu zmniejszenia napr\u0119\u017ce\u0144, kt\u00f3re powstaj\u0105 podczas deformacji od rury do zgi\u0119cia rury. Tutaj r\u00f3wnie\u017c kolanka s\u0105 podgrzewane do pewnej temperatury, w zale\u017cno\u015bci od materia\u0142u, ale nie tak wysokiej jak przy normalizacji. Nast\u0119pnie s\u0105 one sch\u0142adzane w powietrzu.<\/p>\n\n\n\n<h3 class=\"wp-block-heading has-ast-global-color-4-color has-text-color\">Wy\u017carzanie w roztworze<\/h3>\n\n\n\n<p class=\"has-ast-global-color-4-color has-text-color\">W wy\u017carzaniu roztworowym, kolanka rurowe wykonane ze stali austenitycznej s\u0105 podgrzewane do temperatury pomi\u0119dzy 1020\u00b0C a 1080\u00b0C. Nast\u0119pnie s\u0105 one szybko sch\u0142adzane w \u0142a\u017ani wodnej.<\/p>\n\n\n\n<p class=\"has-text-align-center has-large-font-size\"><\/p>\n<\/div><\/div>\n\n<h2 class=\"wp-block-heading\">Us\u0142ugi<\/h2>\n\n<ul class=\"wp-block-list\">\n<li>Zeichnungserstellung<\/li>\n\n\n\n<li>Obliczanie grubo\u015bci \u015bcianki<\/li>\n\n\n\n<li>Produkcja r\u00f3wnie\u017c ma\u0142ych serii<\/li>\n\n\n\n<li>Obr\u00f3bka mechaniczna<\/li>\n\n\n\n<li>Obr\u00f3bka powierzchni \/ ochrona przed korozj\u0105<\/li>\n\n\n\n<li>dodatkowe oznaczenia<\/li>\n\n\n\n<li>dodatkowe badania materia\u0142owe<\/li>\n\n\n\n<li>Wysy\u0142ka paczkowa<\/li>\n\n\n\n<li>Dostawa ekspresowa<\/li>\n\n\n\n<li>neutralne przesy\u0142ki do klient\u00f3w ko\u0144cowych<\/li>\n\n\n\n<li>Opakowania specjalne (eksport)<\/li>\n<\/ul>\n\n<h2 class=\"wp-block-heading\" id=\"downloads\">Pliki do pobrania<\/h2>\n\n<p>W tym obszarze mo\u017cna pobra\u0107 r\u00f3\u017cne informacje.<\/p>\n\n<h3 class=\"wp-block-heading\">Dopuszczenia:<\/h3>\n\n<ul class=\"wp-block-list\">\n<li><a href=\"https:\/\/www.siekmann-rohrbogen.de\/wp-content\/uploads\/2023\/10\/iso9001_26_en.pdf\">ISO 9001:2015<\/a> \u2013 wa\u017cny do 31.10.2026<\/li>\n\n\n\n<li><a href=\"https:\/\/www.siekmann-rohrbogen.de\/wp-content\/uploads\/2025\/02\/DNV_25.pdf\">DNV<\/a> Det Norske Veritas\u2013 wa\u017cny do\u00a010.02.2028<\/li>\n\n\n\n<li><a href=\"https:\/\/www.siekmann-rohrbogen.de\/wp-content\/uploads\/2025\/02\/Siekman-engl-PED-4-3.pdf\">PED 97\/23\/EG<\/a>\u2013 wa\u017cny do 12.2027<\/li>\n\n\n\n<li><a href=\"https:\/\/www.siekmann-rohrbogen.de\/wp-content\/uploads\/2025\/02\/Siekmann-engl-AD2000-W0.pdf\">AD2000 W0<\/a> &#8211; wa\u017cny do 12.2027<\/li>\n<\/ul>\n\n<h3 class=\"wp-block-heading\">Informacje o firmie<\/h3>\n\n<ul class=\"wp-block-list\">\n<li><a href=\"https:\/\/www.siekmann-rohrbogen.de\/wp-content\/uploads\/2021\/06\/siekmann_2015_deu.pdf\">Siekmann Infobrosch\u00fcre deutsch<\/a><\/li>\n\n\n\n<li><a href=\"https:\/\/www.siekmann-rohrbogen.de\/wp-content\/uploads\/2021\/06\/siekmann_2015_eng.pdf\">Siekmann Infobrosch\u00fcre englisch<\/a><\/li>\n\n\n\n<li><a href=\"https:\/\/www.siekmann-rohrbogen.de\/wp-content\/uploads\/2021\/06\/verkaufs-und-lieferbedingungen.pdf\">Verkaufs- und Lieferbedingungen<\/a><\/li>\n\n\n\n<li><a href=\"https:\/\/www.siekmann-rohrbogen.de\/wp-content\/uploads\/2021\/06\/materialliste_2011.pdf\">Werkstoffliste<\/a><\/li>\n\n\n\n<li><a href=\"https:\/\/www.siekmann-rohrbogen.de\/wp-content\/uploads\/2021\/06\/radien-liste-neu.pdf\">Biegedurchmesser<\/a><\/li>\n<\/ul>\n\n<p><\/p>\n","protected":false},"excerpt":{"rendered":"<p>Serwis z zachowaniem najwy\u017cszych standard\u00f3w jako\u015bci JAKO\u015a\u0106 jest naszym priorytetem. Zawsze oferujemy naszym klientom najlepsz\u0105 mo\u017cliw\u0105 jako\u015b\u0107 i najwy\u017csze standardy. Na kolejnych stronach chcieliby\u015bmy poinformowa\u0107 Pa\u0144stwa o naszych procedurach zapewnienia jako\u015bci oraz stosowanych przez nas metodach obr\u00f3bki cieplnej. Zapewnienie jako\u015bci Nasz system zapewnienia jako\u015bci \/ system zarz\u0105dzania jako\u015bci\u0105 dokumentuje i monitoruje ka\u017cde zam\u00f3wienie od otrzymania [&hellip;]<\/p>\n","protected":false},"author":2,"featured_media":0,"parent":0,"menu_order":0,"comment_status":"closed","ping_status":"closed","template":"","meta":{"site-sidebar-layout":"no-sidebar","site-content-layout":"plain-container","ast-site-content-layout":"normal-width-container","site-content-style":"unboxed","site-sidebar-style":"unboxed","ast-global-header-display":"","ast-banner-title-visibility":"","ast-main-header-display":"","ast-hfb-above-header-display":"","ast-hfb-below-header-display":"","ast-hfb-mobile-header-display":"","site-post-title":"disabled","ast-breadcrumbs-content":"","ast-featured-img":"","footer-sml-layout":"","ast-disable-related-posts":"","theme-transparent-header-meta":"default","adv-header-id-meta":"","stick-header-meta":"","header-above-stick-meta":"","header-main-stick-meta":"","header-below-stick-meta":"","astra-migrate-meta-layouts":"default","ast-page-background-enabled":"default","ast-page-background-meta":{"desktop":{"background-color":"","background-image":"","background-repeat":"repeat","background-position":"center center","background-size":"auto","background-attachment":"scroll","background-type":"","background-media":"","overlay-type":"","overlay-color":"","overlay-opacity":"","overlay-gradient":""},"tablet":{"background-color":"","background-image":"","background-repeat":"repeat","background-position":"center center","background-size":"auto","background-attachment":"scroll","background-type":"","background-media":"","overlay-type":"","overlay-color":"","overlay-opacity":"","overlay-gradient":""},"mobile":{"background-color":"","background-image":"","background-repeat":"repeat","background-position":"center center","background-size":"auto","background-attachment":"scroll","background-type":"","background-media":"","overlay-type":"","overlay-color":"","overlay-opacity":"","overlay-gradient":""}},"ast-content-background-meta":{"desktop":{"background-color":"var(--ast-global-color-5)","background-image":"","background-repeat":"repeat","background-position":"center center","background-size":"auto","background-attachment":"scroll","background-type":"","background-media":"","overlay-type":"","overlay-color":"","overlay-opacity":"","overlay-gradient":""},"tablet":{"background-color":"var(--ast-global-color-5)","background-image":"","background-repeat":"repeat","background-position":"center center","background-size":"auto","background-attachment":"scroll","background-type":"","background-media":"","overlay-type":"","overlay-color":"","overlay-opacity":"","overlay-gradient":""},"mobile":{"background-color":"var(--ast-global-color-5)","background-image":"","background-repeat":"repeat","background-position":"center center","background-size":"auto","background-attachment":"scroll","background-type":"","background-media":"","overlay-type":"","overlay-color":"","overlay-opacity":"","overlay-gradient":""}},"footnotes":""},"class_list":["post-584","page","type-page","status-publish","hentry"],"yoast_head":"<!-- This site is optimized with the Yoast SEO plugin v27.3 - https:\/\/yoast.com\/product\/yoast-seo-wordpress\/ -->\n<title>Kolanka SIEKMANN - serwis z jako\u015bci\u0105<\/title>\n<meta name=\"description\" content=\"Informacje o naszym zapewnieniu jako\u015bci, obr\u00f3bce cieplnej i naszych dodatkowych us\u0142ugach w zakresie \u0142okci.\" \/>\n<meta name=\"robots\" content=\"index, follow, max-snippet:-1, max-image-preview:large, max-video-preview:-1\" \/>\n<link rel=\"canonical\" href=\"https:\/\/www.siekmann-rohrbogen.de\/pl\/serwis\/\" \/>\n<meta property=\"og:locale\" content=\"pl_PL\" \/>\n<meta property=\"og:type\" content=\"article\" \/>\n<meta property=\"og:title\" content=\"Kolanka SIEKMANN - serwis z jako\u015bci\u0105\" \/>\n<meta property=\"og:description\" content=\"Informacje o naszym zapewnieniu jako\u015bci, obr\u00f3bce cieplnej i naszych dodatkowych us\u0142ugach w zakresie \u0142okci.\" \/>\n<meta property=\"og:url\" content=\"https:\/\/www.siekmann-rohrbogen.de\/pl\/serwis\/\" \/>\n<meta property=\"og:site_name\" content=\"siekmann-rohrbogen.de\" \/>\n<meta property=\"article:modified_time\" content=\"2026-04-07T15:16:02+00:00\" \/>\n<meta name=\"twitter:card\" content=\"summary_large_image\" \/>\n<meta name=\"twitter:label1\" content=\"Szacowany czas czytania\" \/>\n\t<meta name=\"twitter:data1\" content=\"2 minuty\" \/>\n<script type=\"application\/ld+json\" class=\"yoast-schema-graph\">{\"@context\":\"https:\\\/\\\/schema.org\",\"@graph\":[{\"@type\":\"WebPage\",\"@id\":\"https:\\\/\\\/www.siekmann-rohrbogen.de\\\/pl\\\/serwis\\\/\",\"url\":\"https:\\\/\\\/www.siekmann-rohrbogen.de\\\/pl\\\/serwis\\\/\",\"name\":\"Kolanka SIEKMANN - serwis z jako\u015bci\u0105\",\"isPartOf\":{\"@id\":\"https:\\\/\\\/www.siekmann-rohrbogen.de\\\/#website\"},\"datePublished\":\"2021-09-06T13:12:33+00:00\",\"dateModified\":\"2026-04-07T15:16:02+00:00\",\"description\":\"Informacje o naszym zapewnieniu jako\u015bci, obr\u00f3bce cieplnej i naszych dodatkowych us\u0142ugach w zakresie \u0142okci.\",\"breadcrumb\":{\"@id\":\"https:\\\/\\\/www.siekmann-rohrbogen.de\\\/pl\\\/serwis\\\/#breadcrumb\"},\"inLanguage\":\"pl-PL\",\"potentialAction\":[{\"@type\":\"ReadAction\",\"target\":[\"https:\\\/\\\/www.siekmann-rohrbogen.de\\\/pl\\\/serwis\\\/\"]}]},{\"@type\":\"BreadcrumbList\",\"@id\":\"https:\\\/\\\/www.siekmann-rohrbogen.de\\\/pl\\\/serwis\\\/#breadcrumb\",\"itemListElement\":[{\"@type\":\"ListItem\",\"position\":1,\"name\":\"Startseite\",\"item\":\"https:\\\/\\\/www.siekmann-rohrbogen.de\\\/pl\\\/\"},{\"@type\":\"ListItem\",\"position\":2,\"name\":\"Serwis\"}]},{\"@type\":\"WebSite\",\"@id\":\"https:\\\/\\\/www.siekmann-rohrbogen.de\\\/#website\",\"url\":\"https:\\\/\\\/www.siekmann-rohrbogen.de\\\/\",\"name\":\"siekmann-rohrbogen.de\",\"description\":\"Hersteller von Rohrbogen\",\"publisher\":{\"@id\":\"https:\\\/\\\/www.siekmann-rohrbogen.de\\\/#organization\"},\"potentialAction\":[{\"@type\":\"SearchAction\",\"target\":{\"@type\":\"EntryPoint\",\"urlTemplate\":\"https:\\\/\\\/www.siekmann-rohrbogen.de\\\/?s={search_term_string}\"},\"query-input\":{\"@type\":\"PropertyValueSpecification\",\"valueRequired\":true,\"valueName\":\"search_term_string\"}}],\"inLanguage\":\"pl-PL\"},{\"@type\":\"Organization\",\"@id\":\"https:\\\/\\\/www.siekmann-rohrbogen.de\\\/#organization\",\"name\":\"Siekmann GmbH & Co. KG\",\"url\":\"https:\\\/\\\/www.siekmann-rohrbogen.de\\\/\",\"logo\":{\"@type\":\"ImageObject\",\"inLanguage\":\"pl-PL\",\"@id\":\"https:\\\/\\\/www.siekmann-rohrbogen.de\\\/#\\\/schema\\\/logo\\\/image\\\/\",\"url\":\"https:\\\/\\\/www.siekmann-rohrbogen.de\\\/wp-content\\\/uploads\\\/2021\\\/05\\\/cropped-rohrbogen_apple.png\",\"contentUrl\":\"https:\\\/\\\/www.siekmann-rohrbogen.de\\\/wp-content\\\/uploads\\\/2021\\\/05\\\/cropped-rohrbogen_apple.png\",\"width\":512,\"height\":512,\"caption\":\"Siekmann GmbH & Co. KG\"},\"image\":{\"@id\":\"https:\\\/\\\/www.siekmann-rohrbogen.de\\\/#\\\/schema\\\/logo\\\/image\\\/\"}}]}<\/script>\n<!-- \/ Yoast SEO plugin. -->","yoast_head_json":{"title":"Kolanka SIEKMANN - serwis z jako\u015bci\u0105","description":"Informacje o naszym zapewnieniu jako\u015bci, obr\u00f3bce cieplnej i naszych dodatkowych us\u0142ugach w zakresie \u0142okci.","robots":{"index":"index","follow":"follow","max-snippet":"max-snippet:-1","max-image-preview":"max-image-preview:large","max-video-preview":"max-video-preview:-1"},"canonical":"https:\/\/www.siekmann-rohrbogen.de\/pl\/serwis\/","og_locale":"pl_PL","og_type":"article","og_title":"Kolanka SIEKMANN - serwis z jako\u015bci\u0105","og_description":"Informacje o naszym zapewnieniu jako\u015bci, obr\u00f3bce cieplnej i naszych dodatkowych us\u0142ugach w zakresie \u0142okci.","og_url":"https:\/\/www.siekmann-rohrbogen.de\/pl\/serwis\/","og_site_name":"siekmann-rohrbogen.de","article_modified_time":"2026-04-07T15:16:02+00:00","twitter_card":"summary_large_image","twitter_misc":{"Szacowany czas czytania":"2 minuty"},"schema":{"@context":"https:\/\/schema.org","@graph":[{"@type":"WebPage","@id":"https:\/\/www.siekmann-rohrbogen.de\/pl\/serwis\/","url":"https:\/\/www.siekmann-rohrbogen.de\/pl\/serwis\/","name":"Kolanka SIEKMANN - serwis z jako\u015bci\u0105","isPartOf":{"@id":"https:\/\/www.siekmann-rohrbogen.de\/#website"},"datePublished":"2021-09-06T13:12:33+00:00","dateModified":"2026-04-07T15:16:02+00:00","description":"Informacje o naszym zapewnieniu jako\u015bci, obr\u00f3bce cieplnej i naszych dodatkowych us\u0142ugach w zakresie \u0142okci.","breadcrumb":{"@id":"https:\/\/www.siekmann-rohrbogen.de\/pl\/serwis\/#breadcrumb"},"inLanguage":"pl-PL","potentialAction":[{"@type":"ReadAction","target":["https:\/\/www.siekmann-rohrbogen.de\/pl\/serwis\/"]}]},{"@type":"BreadcrumbList","@id":"https:\/\/www.siekmann-rohrbogen.de\/pl\/serwis\/#breadcrumb","itemListElement":[{"@type":"ListItem","position":1,"name":"Startseite","item":"https:\/\/www.siekmann-rohrbogen.de\/pl\/"},{"@type":"ListItem","position":2,"name":"Serwis"}]},{"@type":"WebSite","@id":"https:\/\/www.siekmann-rohrbogen.de\/#website","url":"https:\/\/www.siekmann-rohrbogen.de\/","name":"siekmann-rohrbogen.de","description":"Hersteller von Rohrbogen","publisher":{"@id":"https:\/\/www.siekmann-rohrbogen.de\/#organization"},"potentialAction":[{"@type":"SearchAction","target":{"@type":"EntryPoint","urlTemplate":"https:\/\/www.siekmann-rohrbogen.de\/?s={search_term_string}"},"query-input":{"@type":"PropertyValueSpecification","valueRequired":true,"valueName":"search_term_string"}}],"inLanguage":"pl-PL"},{"@type":"Organization","@id":"https:\/\/www.siekmann-rohrbogen.de\/#organization","name":"Siekmann GmbH & Co. KG","url":"https:\/\/www.siekmann-rohrbogen.de\/","logo":{"@type":"ImageObject","inLanguage":"pl-PL","@id":"https:\/\/www.siekmann-rohrbogen.de\/#\/schema\/logo\/image\/","url":"https:\/\/www.siekmann-rohrbogen.de\/wp-content\/uploads\/2021\/05\/cropped-rohrbogen_apple.png","contentUrl":"https:\/\/www.siekmann-rohrbogen.de\/wp-content\/uploads\/2021\/05\/cropped-rohrbogen_apple.png","width":512,"height":512,"caption":"Siekmann GmbH & Co. KG"},"image":{"@id":"https:\/\/www.siekmann-rohrbogen.de\/#\/schema\/logo\/image\/"}}]}},"_links":{"self":[{"href":"https:\/\/www.siekmann-rohrbogen.de\/pl\/wp-json\/wp\/v2\/pages\/584","targetHints":{"allow":["GET"]}}],"collection":[{"href":"https:\/\/www.siekmann-rohrbogen.de\/pl\/wp-json\/wp\/v2\/pages"}],"about":[{"href":"https:\/\/www.siekmann-rohrbogen.de\/pl\/wp-json\/wp\/v2\/types\/page"}],"author":[{"embeddable":true,"href":"https:\/\/www.siekmann-rohrbogen.de\/pl\/wp-json\/wp\/v2\/users\/2"}],"replies":[{"embeddable":true,"href":"https:\/\/www.siekmann-rohrbogen.de\/pl\/wp-json\/wp\/v2\/comments?post=584"}],"version-history":[{"count":7,"href":"https:\/\/www.siekmann-rohrbogen.de\/pl\/wp-json\/wp\/v2\/pages\/584\/revisions"}],"predecessor-version":[{"id":1243,"href":"https:\/\/www.siekmann-rohrbogen.de\/pl\/wp-json\/wp\/v2\/pages\/584\/revisions\/1243"}],"wp:attachment":[{"href":"https:\/\/www.siekmann-rohrbogen.de\/pl\/wp-json\/wp\/v2\/media?parent=584"}],"curies":[{"name":"wp","href":"https:\/\/api.w.org\/{rel}","templated":true}]}}