{"id":624,"date":"2021-09-06T13:20:24","date_gmt":"2021-09-06T13:20:24","guid":{"rendered":"https:\/\/www.siekmann-rohrbogen.de\/news\/"},"modified":"2026-04-07T15:16:00","modified_gmt":"2026-04-07T15:16:00","slug":"news","status":"publish","type":"page","link":"https:\/\/www.siekmann-rohrbogen.de\/pl\/news\/","title":{"rendered":"News"},"content":{"rendered":"\n<div class=\"wp-block-cover alignfull has-parallax\" style=\"background-image:url(https:\/\/www.siekmann-rohrbogen.de\/wp-content\/uploads\/2021\/06\/hintergrund2-e1622555727739.jpg);min-height:812px;aspect-ratio:unset;\"><div class=\"wp-block-cover__inner-container is-layout-flow wp-block-cover-is-layout-flow\">\n<p class=\"has-large-font-size\"><\/p>\n<\/div><\/div>\n\n<h1 class=\"wp-block-heading\">specjalne.\u0142okcie.wiadomo\u015bci.  Wiadomo\u015bci na temat \u0142okci<\/h1>\n<ul class=\"wp-block-latest-posts__list is-grid columns-2 wp-block-latest-posts\"><\/ul>","protected":false},"excerpt":{"rendered":"<p>specjalne.\u0142okcie.wiadomo\u015bci. Wiadomo\u015bci na temat \u0142okci<\/p>\n","protected":false},"author":2,"featured_media":0,"parent":0,"menu_order":0,"comment_status":"closed","ping_status":"closed","template":"","meta":{"site-sidebar-layout":"default","site-content-layout":"default","ast-site-content-layout":"default","site-content-style":"default","site-sidebar-style":"default","ast-global-header-display":"","ast-banner-title-visibility":"","ast-main-header-display":"","ast-hfb-above-header-display":"","ast-hfb-below-header-display":"","ast-hfb-mobile-header-display":"","site-post-title":"disabled","ast-breadcrumbs-content":"","ast-featured-img":"","footer-sml-layout":"","ast-disable-related-posts":"","theme-transparent-header-meta":"default","adv-header-id-meta":"","stick-header-meta":"","header-above-stick-meta":"","header-main-stick-meta":"","header-below-stick-meta":"","astra-migrate-meta-layouts":"default","ast-page-background-enabled":"default","ast-page-background-meta":{"desktop":{"background-color":"","background-image":"","background-repeat":"repeat","background-position":"center center","background-size":"auto","background-attachment":"scroll","background-type":"","background-media":"","overlay-type":"","overlay-color":"","overlay-opacity":"","overlay-gradient":""},"tablet":{"background-color":"","background-image":"","background-repeat":"repeat","background-position":"center center","background-size":"auto","background-attachment":"scroll","background-type":"","background-media":"","overlay-type":"","overlay-color":"","overlay-opacity":"","overlay-gradient":""},"mobile":{"background-color":"","background-image":"","background-repeat":"repeat","background-position":"center center","background-size":"auto","background-attachment":"scroll","background-type":"","background-media":"","overlay-type":"","overlay-color":"","overlay-opacity":"","overlay-gradient":""}},"ast-content-background-meta":{"desktop":{"background-color":"var(--ast-global-color-5)","background-image":"","background-repeat":"repeat","background-position":"center center","background-size":"auto","background-attachment":"scroll","background-type":"","background-media":"","overlay-type":"","overlay-color":"","overlay-opacity":"","overlay-gradient":""},"tablet":{"background-color":"var(--ast-global-color-5)","background-image":"","background-repeat":"repeat","background-position":"center center","background-size":"auto","background-attachment":"scroll","background-type":"","background-media":"","overlay-type":"","overlay-color":"","overlay-opacity":"","overlay-gradient":""},"mobile":{"background-color":"var(--ast-global-color-5)","background-image":"","background-repeat":"repeat","background-position":"center center","background-size":"auto","background-attachment":"scroll","background-type":"","background-media":"","overlay-type":"","overlay-color":"","overlay-opacity":"","overlay-gradient":""}},"footnotes":""},"class_list":["post-624","page","type-page","status-publish","hentry"],"yoast_head":"<!-- This site is optimized with the Yoast SEO plugin v27.4 - https:\/\/yoast.com\/product\/yoast-seo-wordpress\/ -->\n<title>News - siekmann-rohrbogen.de<\/title>\n<meta name=\"description\" content=\"Wpisy na blogu o kolanach rurowych SIEKMANN. Tutaj znajd\u0105 Pa\u0144stwo wiadomo\u015bci i artyku\u0142y na temat kolanek do rur.\" \/>\n<meta name=\"robots\" content=\"index, follow, max-snippet:-1, max-image-preview:large, max-video-preview:-1\" \/>\n<link rel=\"canonical\" href=\"https:\/\/www.siekmann-rohrbogen.de\/pl\/news\/\" \/>\n<meta property=\"og:locale\" content=\"pl_PL\" \/>\n<meta property=\"og:type\" content=\"article\" \/>\n<meta property=\"og:title\" content=\"News - siekmann-rohrbogen.de\" \/>\n<meta property=\"og:description\" content=\"Wpisy na blogu o kolanach rurowych SIEKMANN. Tutaj znajd\u0105 Pa\u0144stwo wiadomo\u015bci i artyku\u0142y na temat kolanek do rur.\" \/>\n<meta property=\"og:url\" content=\"https:\/\/www.siekmann-rohrbogen.de\/pl\/news\/\" \/>\n<meta property=\"og:site_name\" content=\"siekmann-rohrbogen.de\" \/>\n<meta property=\"article:modified_time\" content=\"2026-04-07T15:16:00+00:00\" \/>\n<meta name=\"twitter:card\" content=\"summary_large_image\" \/>\n<script type=\"application\/ld+json\" class=\"yoast-schema-graph\">{\"@context\":\"https:\\\/\\\/schema.org\",\"@graph\":[{\"@type\":\"WebPage\",\"@id\":\"https:\\\/\\\/www.siekmann-rohrbogen.de\\\/pl\\\/news\\\/\",\"url\":\"https:\\\/\\\/www.siekmann-rohrbogen.de\\\/pl\\\/news\\\/\",\"name\":\"News - siekmann-rohrbogen.de\",\"isPartOf\":{\"@id\":\"https:\\\/\\\/www.siekmann-rohrbogen.de\\\/#website\"},\"datePublished\":\"2021-09-06T13:20:24+00:00\",\"dateModified\":\"2026-04-07T15:16:00+00:00\",\"description\":\"Wpisy na blogu o kolanach rurowych SIEKMANN. Tutaj znajd\u0105 Pa\u0144stwo wiadomo\u015bci i artyku\u0142y na temat kolanek do rur.\",\"breadcrumb\":{\"@id\":\"https:\\\/\\\/www.siekmann-rohrbogen.de\\\/pl\\\/news\\\/#breadcrumb\"},\"inLanguage\":\"pl-PL\",\"potentialAction\":[{\"@type\":\"ReadAction\",\"target\":[\"https:\\\/\\\/www.siekmann-rohrbogen.de\\\/pl\\\/news\\\/\"]}]},{\"@type\":\"BreadcrumbList\",\"@id\":\"https:\\\/\\\/www.siekmann-rohrbogen.de\\\/pl\\\/news\\\/#breadcrumb\",\"itemListElement\":[{\"@type\":\"ListItem\",\"position\":1,\"name\":\"Startseite\",\"item\":\"https:\\\/\\\/www.siekmann-rohrbogen.de\\\/pl\\\/\"},{\"@type\":\"ListItem\",\"position\":2,\"name\":\"News\"}]},{\"@type\":\"WebSite\",\"@id\":\"https:\\\/\\\/www.siekmann-rohrbogen.de\\\/#website\",\"url\":\"https:\\\/\\\/www.siekmann-rohrbogen.de\\\/\",\"name\":\"siekmann-rohrbogen.de\",\"description\":\"Hersteller von Rohrbogen\",\"publisher\":{\"@id\":\"https:\\\/\\\/www.siekmann-rohrbogen.de\\\/#organization\"},\"potentialAction\":[{\"@type\":\"SearchAction\",\"target\":{\"@type\":\"EntryPoint\",\"urlTemplate\":\"https:\\\/\\\/www.siekmann-rohrbogen.de\\\/?s={search_term_string}\"},\"query-input\":{\"@type\":\"PropertyValueSpecification\",\"valueRequired\":true,\"valueName\":\"search_term_string\"}}],\"inLanguage\":\"pl-PL\"},{\"@type\":\"Organization\",\"@id\":\"https:\\\/\\\/www.siekmann-rohrbogen.de\\\/#organization\",\"name\":\"Siekmann GmbH & Co. KG\",\"url\":\"https:\\\/\\\/www.siekmann-rohrbogen.de\\\/\",\"logo\":{\"@type\":\"ImageObject\",\"inLanguage\":\"pl-PL\",\"@id\":\"https:\\\/\\\/www.siekmann-rohrbogen.de\\\/#\\\/schema\\\/logo\\\/image\\\/\",\"url\":\"https:\\\/\\\/www.siekmann-rohrbogen.de\\\/wp-content\\\/uploads\\\/2021\\\/05\\\/cropped-rohrbogen_apple.png\",\"contentUrl\":\"https:\\\/\\\/www.siekmann-rohrbogen.de\\\/wp-content\\\/uploads\\\/2021\\\/05\\\/cropped-rohrbogen_apple.png\",\"width\":512,\"height\":512,\"caption\":\"Siekmann GmbH & Co. KG\"},\"image\":{\"@id\":\"https:\\\/\\\/www.siekmann-rohrbogen.de\\\/#\\\/schema\\\/logo\\\/image\\\/\"}}]}<\/script>\n<!-- \/ Yoast SEO plugin. -->","yoast_head_json":{"title":"News - siekmann-rohrbogen.de","description":"Wpisy na blogu o kolanach rurowych SIEKMANN. Tutaj znajd\u0105 Pa\u0144stwo wiadomo\u015bci i artyku\u0142y na temat kolanek do rur.","robots":{"index":"index","follow":"follow","max-snippet":"max-snippet:-1","max-image-preview":"max-image-preview:large","max-video-preview":"max-video-preview:-1"},"canonical":"https:\/\/www.siekmann-rohrbogen.de\/pl\/news\/","og_locale":"pl_PL","og_type":"article","og_title":"News - siekmann-rohrbogen.de","og_description":"Wpisy na blogu o kolanach rurowych SIEKMANN. Tutaj znajd\u0105 Pa\u0144stwo wiadomo\u015bci i artyku\u0142y na temat kolanek do rur.","og_url":"https:\/\/www.siekmann-rohrbogen.de\/pl\/news\/","og_site_name":"siekmann-rohrbogen.de","article_modified_time":"2026-04-07T15:16:00+00:00","twitter_card":"summary_large_image","schema":{"@context":"https:\/\/schema.org","@graph":[{"@type":"WebPage","@id":"https:\/\/www.siekmann-rohrbogen.de\/pl\/news\/","url":"https:\/\/www.siekmann-rohrbogen.de\/pl\/news\/","name":"News - siekmann-rohrbogen.de","isPartOf":{"@id":"https:\/\/www.siekmann-rohrbogen.de\/#website"},"datePublished":"2021-09-06T13:20:24+00:00","dateModified":"2026-04-07T15:16:00+00:00","description":"Wpisy na blogu o kolanach rurowych SIEKMANN. Tutaj znajd\u0105 Pa\u0144stwo wiadomo\u015bci i artyku\u0142y na temat kolanek do rur.","breadcrumb":{"@id":"https:\/\/www.siekmann-rohrbogen.de\/pl\/news\/#breadcrumb"},"inLanguage":"pl-PL","potentialAction":[{"@type":"ReadAction","target":["https:\/\/www.siekmann-rohrbogen.de\/pl\/news\/"]}]},{"@type":"BreadcrumbList","@id":"https:\/\/www.siekmann-rohrbogen.de\/pl\/news\/#breadcrumb","itemListElement":[{"@type":"ListItem","position":1,"name":"Startseite","item":"https:\/\/www.siekmann-rohrbogen.de\/pl\/"},{"@type":"ListItem","position":2,"name":"News"}]},{"@type":"WebSite","@id":"https:\/\/www.siekmann-rohrbogen.de\/#website","url":"https:\/\/www.siekmann-rohrbogen.de\/","name":"siekmann-rohrbogen.de","description":"Hersteller von Rohrbogen","publisher":{"@id":"https:\/\/www.siekmann-rohrbogen.de\/#organization"},"potentialAction":[{"@type":"SearchAction","target":{"@type":"EntryPoint","urlTemplate":"https:\/\/www.siekmann-rohrbogen.de\/?s={search_term_string}"},"query-input":{"@type":"PropertyValueSpecification","valueRequired":true,"valueName":"search_term_string"}}],"inLanguage":"pl-PL"},{"@type":"Organization","@id":"https:\/\/www.siekmann-rohrbogen.de\/#organization","name":"Siekmann GmbH & Co. KG","url":"https:\/\/www.siekmann-rohrbogen.de\/","logo":{"@type":"ImageObject","inLanguage":"pl-PL","@id":"https:\/\/www.siekmann-rohrbogen.de\/#\/schema\/logo\/image\/","url":"https:\/\/www.siekmann-rohrbogen.de\/wp-content\/uploads\/2021\/05\/cropped-rohrbogen_apple.png","contentUrl":"https:\/\/www.siekmann-rohrbogen.de\/wp-content\/uploads\/2021\/05\/cropped-rohrbogen_apple.png","width":512,"height":512,"caption":"Siekmann GmbH & Co. KG"},"image":{"@id":"https:\/\/www.siekmann-rohrbogen.de\/#\/schema\/logo\/image\/"}}]}},"_links":{"self":[{"href":"https:\/\/www.siekmann-rohrbogen.de\/pl\/wp-json\/wp\/v2\/pages\/624","targetHints":{"allow":["GET"]}}],"collection":[{"href":"https:\/\/www.siekmann-rohrbogen.de\/pl\/wp-json\/wp\/v2\/pages"}],"about":[{"href":"https:\/\/www.siekmann-rohrbogen.de\/pl\/wp-json\/wp\/v2\/types\/page"}],"author":[{"embeddable":true,"href":"https:\/\/www.siekmann-rohrbogen.de\/pl\/wp-json\/wp\/v2\/users\/2"}],"replies":[{"embeddable":true,"href":"https:\/\/www.siekmann-rohrbogen.de\/pl\/wp-json\/wp\/v2\/comments?post=624"}],"version-history":[{"count":3,"href":"https:\/\/www.siekmann-rohrbogen.de\/pl\/wp-json\/wp\/v2\/pages\/624\/revisions"}],"predecessor-version":[{"id":1234,"href":"https:\/\/www.siekmann-rohrbogen.de\/pl\/wp-json\/wp\/v2\/pages\/624\/revisions\/1234"}],"wp:attachment":[{"href":"https:\/\/www.siekmann-rohrbogen.de\/pl\/wp-json\/wp\/v2\/media?parent=624"}],"curies":[{"name":"wp","href":"https:\/\/api.w.org\/{rel}","templated":true}]}}